{"id":6550,"date":"2018-06-17T17:40:59","date_gmt":"2018-06-17T15:40:59","guid":{"rendered":"https:\/\/www.cabinet-therapie-breve.com\/emdr\/faq-copy\/"},"modified":"2018-10-30T12:10:43","modified_gmt":"2018-10-30T11:10:43","slug":"mentions-legales","status":"publish","type":"page","link":"https:\/\/www.cabinet-therapie-breve.com\/emdr\/mentions-legales\/","title":{"rendered":"Mentions L\u00e9gales"},"content":{"rendered":"<div class=\"wpb-content-wrapper\"><p>[vc_section][vc_row][vc_column]<div class=\"wpb_content_element \"><style type=\"text\/css\"><\/style><header id=\"ut_header_69da04b80c7a6\" class=\"section-header  ut-no-title-linebreak-mobile ut-no-lead-linebreak-mobile pt-style-7 header-center header-tablet-center header-mobile-center element-with-custom-line-height\"><div class=\"element-with-custom-line-height\" ><h2 data-title=\"Mentions L\u00e9gales\"  data-responsive-font=\"section_title\" class=\"section-title  \"><span>Mentions L\u00e9gales<\/span><\/h2><\/div><\/header><\/div>[\/vc_column][\/vc_row][vc_row][vc_column][vc_column_text el_class=\u00a0\u00bbjustifier\u00a0\u00bb]<strong>1. Informations l\u00e9gales :<\/strong><\/p>\n<p>Propri\u00e9taire : <strong>Cabinet de Th\u00e9rapies Br\u00e8ves<\/strong><br \/>\nAdresse postale : <strong>Paris 75017<\/strong><\/p>\n<p>Cr\u00e9ateur du site : <strong>Chris<\/strong><br \/>\nResponsable de la\u00a0 publication : <strong>Chris<\/strong><\/p>\n<p>Webmaster : <strong>Chris<\/strong><br \/>\nH\u00e9bergeur du site : <strong>OVH<\/strong>, 2 rue Kellermann &#8211; 59100 Roubaix &#8211; France<\/p>\n<p><strong>2. Accessibilit\u00e9 :<\/strong><\/p>\n<p>Le site www.cabinet-therapie-breve.com est par principe accessible aux utilisateurs 24\/24h, 7\/7j, sauf interruption, programm\u00e9e ou non, pour les besoins de sa maintenance ou en cas de force majeure. N\u2019\u00e9tant soumis qu\u2019\u00e0 une obligation de moyen, www.cabinet-therapie-breve.com ne saurait \u00eatre tenu pour responsable de tout dommage, quelle qu\u2019en soit la nature, r\u00e9sultant d\u2019une indisponibilit\u00e9 du service.<\/p>\n<p><strong>3. Liens hypertextes et cookies :<\/strong><\/p>\n<p>L\u2019utilisateur est inform\u00e9 que lors de ses visites sur le site www.cabinet-therapie-breve.com, un ou des cookies sont susceptibles de s\u2019installer automatiquement sur son ordinateur par l&rsquo;interm\u00e9diaire de son logiciel de navigation. Un cookie est un bloc de donn\u00e9es qui ne permet pas d&rsquo;identifier l&rsquo;utilisateur, mais qui enregistre des informations relatives \u00e0 la navigation de celui-ci sur le site.<\/p>\n<p><strong>4. Protection des biens et des personnes &#8211; gestion des donn\u00e9es personnelles :<\/strong><\/p>\n<p>Sur le site www.cabinet-therapie-breve.com, <strong>Cabinet de Th\u00e9rapies Br\u00e8ves<\/strong> ne collecte des informations personnelles relatives \u00e0 l&rsquo;utilisateur que pour les besoins de certains services propos\u00e9s par le site www.cabinet-therapie-breve.com. L&rsquo;utilisateur fournit ces informations en toute connaissance de cause, notamment lorsqu&rsquo;il proc\u00e8de par lui-m\u00eame \u00e0 leur saisie. Il est alors pr\u00e9cis\u00e9 \u00e0 l&rsquo;utilisateur du site www.cabinet-therapie-breve.com l\u2019obligation ou non de fournir ces informations.[\/vc_column_text][\/vc_column][\/vc_row][\/vc_section]<\/p>\n<\/div>","protected":false},"excerpt":{"rendered":"<p>[vc_section][vc_row][vc_column][\/vc_column][\/vc_row][vc_row][vc_column][vc_column_text el_class=\u00a0\u00bbjustifier\u00a0\u00bb]1. Informations l\u00e9gales : Propri\u00e9taire : Cabinet de Th\u00e9rapies Br\u00e8ves Adresse postale : Paris 75017 Cr\u00e9ateur du site : Chris Responsable de la\u00a0 publication : Chris Webmaster : Chris H\u00e9bergeur du site : OVH, 2 rue Kellermann &#8211; 59100 Roubaix &#8211; France 2. Accessibilit\u00e9 : Le site www.cabinet-therapie-breve.com est par principe accessible aux utilisateurs [&hellip;]<\/p>\n","protected":false},"author":1,"featured_media":0,"parent":0,"menu_order":0,"comment_status":"closed","ping_status":"closed","template":"","meta":{"_monsterinsights_skip_tracking":false,"_monsterinsights_sitenote_active":false,"_monsterinsights_sitenote_note":"","_monsterinsights_sitenote_category":0,"footnotes":""},"class_list":["post-6550","page","type-page","status-publish","hentry"],"yoast_head":"<!-- This site is optimized with the Yoast SEO plugin v27.3 - https:\/\/yoast.com\/product\/yoast-seo-wordpress\/ -->\n<title>Mentions L\u00e9gales - Th\u00e9rapies Br\u00e8ves<\/title>\n<meta name=\"description\" content=\"Conseils individuels pour adultes et enfants : Management du stress, phobies, allergies anxi\u00e9t\u00e9, probl\u00e8mes relationnels, troubles du sommeil.\" \/>\n<meta name=\"robots\" content=\"index, follow, max-snippet:-1, max-image-preview:large, max-video-preview:-1\" \/>\n<link rel=\"canonical\" href=\"https:\/\/www.cabinet-therapie-breve.com\/emdr\/mentions-legales\/\" \/>\n<meta property=\"og:locale\" content=\"fr_FR\" \/>\n<meta property=\"og:type\" content=\"article\" \/>\n<meta property=\"og:title\" content=\"Mentions L\u00e9gales - Th\u00e9rapies Br\u00e8ves\" \/>\n<meta property=\"og:description\" content=\"Conseils individuels pour adultes et enfants : Management du stress, phobies, allergies anxi\u00e9t\u00e9, probl\u00e8mes relationnels, troubles du sommeil.\" \/>\n<meta property=\"og:url\" content=\"https:\/\/www.cabinet-therapie-breve.com\/emdr\/mentions-legales\/\" \/>\n<meta property=\"og:site_name\" content=\"Th\u00e9rapies Br\u00e8ves\" \/>\n<meta property=\"article:modified_time\" content=\"2018-10-30T11:10:43+00:00\" \/>\n<meta name=\"twitter:card\" content=\"summary_large_image\" \/>\n<meta name=\"twitter:label1\" content=\"Dur\u00e9e de lecture estim\u00e9e\" \/>\n\t<meta name=\"twitter:data1\" content=\"1 minute\" \/>\n<script type=\"application\/ld+json\" class=\"yoast-schema-graph\">{\"@context\":\"https:\\\/\\\/schema.org\",\"@graph\":[{\"@type\":\"WebPage\",\"@id\":\"https:\\\/\\\/www.cabinet-therapie-breve.com\\\/emdr\\\/mentions-legales\\\/\",\"url\":\"https:\\\/\\\/www.cabinet-therapie-breve.com\\\/emdr\\\/mentions-legales\\\/\",\"name\":\"Mentions L\u00e9gales - Th\u00e9rapies Br\u00e8ves\",\"isPartOf\":{\"@id\":\"https:\\\/\\\/www.cabinet-therapie-breve.com\\\/emdr\\\/#website\"},\"datePublished\":\"2018-06-17T15:40:59+00:00\",\"dateModified\":\"2018-10-30T11:10:43+00:00\",\"description\":\"Conseils individuels pour adultes et enfants : Management du stress, phobies, allergies anxi\u00e9t\u00e9, probl\u00e8mes relationnels, troubles du sommeil.\",\"breadcrumb\":{\"@id\":\"https:\\\/\\\/www.cabinet-therapie-breve.com\\\/emdr\\\/mentions-legales\\\/#breadcrumb\"},\"inLanguage\":\"fr-FR\",\"potentialAction\":[{\"@type\":\"ReadAction\",\"target\":[\"https:\\\/\\\/www.cabinet-therapie-breve.com\\\/emdr\\\/mentions-legales\\\/\"]}]},{\"@type\":\"BreadcrumbList\",\"@id\":\"https:\\\/\\\/www.cabinet-therapie-breve.com\\\/emdr\\\/mentions-legales\\\/#breadcrumb\",\"itemListElement\":[{\"@type\":\"ListItem\",\"position\":1,\"name\":\"Accueil\",\"item\":\"https:\\\/\\\/www.cabinet-therapie-breve.com\\\/emdr\\\/\"},{\"@type\":\"ListItem\",\"position\":2,\"name\":\"Mentions L\u00e9gales\"}]},{\"@type\":\"WebSite\",\"@id\":\"https:\\\/\\\/www.cabinet-therapie-breve.com\\\/emdr\\\/#website\",\"url\":\"https:\\\/\\\/www.cabinet-therapie-breve.com\\\/emdr\\\/\",\"name\":\"Th\u00e9rapies Br\u00e8ves\",\"description\":\"\",\"potentialAction\":[{\"@type\":\"SearchAction\",\"target\":{\"@type\":\"EntryPoint\",\"urlTemplate\":\"https:\\\/\\\/www.cabinet-therapie-breve.com\\\/emdr\\\/?s={search_term_string}\"},\"query-input\":{\"@type\":\"PropertyValueSpecification\",\"valueRequired\":true,\"valueName\":\"search_term_string\"}}],\"inLanguage\":\"fr-FR\"}]}<\/script>\n<!-- \/ Yoast SEO plugin. -->","yoast_head_json":{"title":"Mentions L\u00e9gales - Th\u00e9rapies Br\u00e8ves","description":"Conseils individuels pour adultes et enfants : Management du stress, phobies, allergies anxi\u00e9t\u00e9, probl\u00e8mes relationnels, troubles du sommeil.","robots":{"index":"index","follow":"follow","max-snippet":"max-snippet:-1","max-image-preview":"max-image-preview:large","max-video-preview":"max-video-preview:-1"},"canonical":"https:\/\/www.cabinet-therapie-breve.com\/emdr\/mentions-legales\/","og_locale":"fr_FR","og_type":"article","og_title":"Mentions L\u00e9gales - Th\u00e9rapies Br\u00e8ves","og_description":"Conseils individuels pour adultes et enfants : Management du stress, phobies, allergies anxi\u00e9t\u00e9, probl\u00e8mes relationnels, troubles du sommeil.","og_url":"https:\/\/www.cabinet-therapie-breve.com\/emdr\/mentions-legales\/","og_site_name":"Th\u00e9rapies Br\u00e8ves","article_modified_time":"2018-10-30T11:10:43+00:00","twitter_card":"summary_large_image","twitter_misc":{"Dur\u00e9e de lecture estim\u00e9e":"1 minute"},"schema":{"@context":"https:\/\/schema.org","@graph":[{"@type":"WebPage","@id":"https:\/\/www.cabinet-therapie-breve.com\/emdr\/mentions-legales\/","url":"https:\/\/www.cabinet-therapie-breve.com\/emdr\/mentions-legales\/","name":"Mentions L\u00e9gales - Th\u00e9rapies Br\u00e8ves","isPartOf":{"@id":"https:\/\/www.cabinet-therapie-breve.com\/emdr\/#website"},"datePublished":"2018-06-17T15:40:59+00:00","dateModified":"2018-10-30T11:10:43+00:00","description":"Conseils individuels pour adultes et enfants : Management du stress, phobies, allergies anxi\u00e9t\u00e9, probl\u00e8mes relationnels, troubles du sommeil.","breadcrumb":{"@id":"https:\/\/www.cabinet-therapie-breve.com\/emdr\/mentions-legales\/#breadcrumb"},"inLanguage":"fr-FR","potentialAction":[{"@type":"ReadAction","target":["https:\/\/www.cabinet-therapie-breve.com\/emdr\/mentions-legales\/"]}]},{"@type":"BreadcrumbList","@id":"https:\/\/www.cabinet-therapie-breve.com\/emdr\/mentions-legales\/#breadcrumb","itemListElement":[{"@type":"ListItem","position":1,"name":"Accueil","item":"https:\/\/www.cabinet-therapie-breve.com\/emdr\/"},{"@type":"ListItem","position":2,"name":"Mentions L\u00e9gales"}]},{"@type":"WebSite","@id":"https:\/\/www.cabinet-therapie-breve.com\/emdr\/#website","url":"https:\/\/www.cabinet-therapie-breve.com\/emdr\/","name":"Th\u00e9rapies Br\u00e8ves","description":"","potentialAction":[{"@type":"SearchAction","target":{"@type":"EntryPoint","urlTemplate":"https:\/\/www.cabinet-therapie-breve.com\/emdr\/?s={search_term_string}"},"query-input":{"@type":"PropertyValueSpecification","valueRequired":true,"valueName":"search_term_string"}}],"inLanguage":"fr-FR"}]}},"_links":{"self":[{"href":"https:\/\/www.cabinet-therapie-breve.com\/emdr\/wp-json\/wp\/v2\/pages\/6550","targetHints":{"allow":["GET"]}}],"collection":[{"href":"https:\/\/www.cabinet-therapie-breve.com\/emdr\/wp-json\/wp\/v2\/pages"}],"about":[{"href":"https:\/\/www.cabinet-therapie-breve.com\/emdr\/wp-json\/wp\/v2\/types\/page"}],"author":[{"embeddable":true,"href":"https:\/\/www.cabinet-therapie-breve.com\/emdr\/wp-json\/wp\/v2\/users\/1"}],"replies":[{"embeddable":true,"href":"https:\/\/www.cabinet-therapie-breve.com\/emdr\/wp-json\/wp\/v2\/comments?post=6550"}],"version-history":[{"count":13,"href":"https:\/\/www.cabinet-therapie-breve.com\/emdr\/wp-json\/wp\/v2\/pages\/6550\/revisions"}],"predecessor-version":[{"id":6709,"href":"https:\/\/www.cabinet-therapie-breve.com\/emdr\/wp-json\/wp\/v2\/pages\/6550\/revisions\/6709"}],"wp:attachment":[{"href":"https:\/\/www.cabinet-therapie-breve.com\/emdr\/wp-json\/wp\/v2\/media?parent=6550"}],"curies":[{"name":"wp","href":"https:\/\/api.w.org\/{rel}","templated":true}]}}