{"id":6657,"date":"2018-07-04T12:28:41","date_gmt":"2018-07-04T10:28:41","guid":{"rendered":"https:\/\/www.cabinet-therapie-breve.com\/emdr\/faq-copy\/"},"modified":"2021-11-02T16:02:34","modified_gmt":"2021-11-02T15:02:34","slug":"videos","status":"publish","type":"page","link":"https:\/\/www.cabinet-therapie-breve.com\/emdr\/videos\/","title":{"rendered":"Vid\u00e9os"},"content":{"rendered":"<div class=\"wpb-content-wrapper\"><p>[vc_section][vc_row][vc_column]<div class=\"wpb_content_element \"><style type=\"text\/css\"><\/style><header id=\"ut_header_69e0d42ed994d\" class=\"section-header  ut-no-title-linebreak-mobile ut-no-lead-linebreak-mobile pt-style-7 header-center header-tablet-center header-mobile-center element-with-custom-line-height\"><div class=\"element-with-custom-line-height\" ><h2 data-title=\"VID\u00c9OS TH\u00c9RAPIES BR\u00c8VES\"  data-responsive-font=\"section_title\" class=\"section-title  \"><span>VID\u00c9OS TH\u00c9RAPIES BR\u00c8VES<\/span><\/h2><\/div><\/header><\/div>[\/vc_column][\/vc_row][vc_row][vc_column width=\u00a0\u00bb1\/3&Prime;]<div class=\"wpb_content_element \"><style type=\"text\/css\">#ut_vs_69e0d42edb50d.ut-shortcode-video-wrap .ut-video-module-caption-text span { font-weight: bold; }<\/style><div id=\"ut_vs_69e0d42edb50d\" class=\"ut-shortcode-video-wrap  ut-shortcode-video-wrap-tablet- ut-shortcode-video-wrap-mobile- clearfix\" ><div id=\"ut_reveal_69e0d42edb50e\"  class=\"ut-video-module \"><div class=\"ut-video-module-caption \"><a class=\"ut-load-video \" data-source=\"mp4\" data-autoplay=\"0\" data-nonce=\"cb3f1bba0f\" data-location=\"inline\"   data-video=\"https:\/\/youtu.be\/hV4zJJxrJDg\" data-html=\"#ut_vid_69e0d42f2c901\">\r\n        <img loading=\"lazy\" decoding=\"async\" data-adaptive-images=\"{&quot;300&quot;:&quot;https:\\\/\\\/www.cabinet-therapie-breve.com\\\/emdr\\\/wp-content\\\/uploads\\\/2018\\\/07\\\/poster_05-300x169.jpg&quot;,&quot;500&quot;:&quot;https:\\\/\\\/www.cabinet-therapie-breve.com\\\/emdr\\\/wp-content\\\/uploads\\\/2018\\\/07\\\/poster_05-500x281.jpg&quot;,&quot;750&quot;:&quot;https:\\\/\\\/www.cabinet-therapie-breve.com\\\/emdr\\\/wp-content\\\/uploads\\\/2018\\\/07\\\/poster_05-750x422.jpg&quot;,&quot;1000&quot;:&quot;https:\\\/\\\/www.cabinet-therapie-breve.com\\\/emdr\\\/wp-content\\\/uploads\\\/2018\\\/07\\\/poster_05-1000x563.jpg&quot;,&quot;1500&quot;:&quot;https:\\\/\\\/www.cabinet-therapie-breve.com\\\/emdr\\\/wp-content\\\/uploads\\\/2018\\\/07\\\/poster_05-1500x844.jpg&quot;,&quot;2500&quot;:&quot;https:\\\/\\\/www.cabinet-therapie-breve.com\\\/emdr\\\/wp-content\\\/uploads\\\/2018\\\/07\\\/poster_05-2500x1407.jpg&quot;}\" alt=\"Th\u00e9rapies Br\u00e8ves\" src=\"data:image\/svg+xml;charset=utf-8,%3Csvg xmlns%3D&#039;http%3A%2F%2Fwww.w3.org%2F2000%2Fsvg&#039; viewBox%3D&#039;0 0 1500 844&#039;%2F%3E\" width=\"1500\" height=\"844\" data-src=\"https:\/\/www.cabinet-therapie-breve.com\/emdr\/wp-content\/uploads\/2018\/07\/poster_05-1500x844.jpg\" data-image-id=\"6654\" class=\"ut-adaptive-image wp-post-image skip-lazy \">\r\n\r\n        <div class=\"ut-video-module-caption-text\"><div class=\"ut-video-module-inner-caption-text ut-video-module-empty-caption ut-video-module-caption-position-default\"><div class=\"ut-video-module-play-icon \"><i class=\"Bklyn-Core-Right-6\" aria-hidden=\"true\"><\/i><\/div><\/div><\/div><\/a><\/div><div class=\"ut-video-module-loading\"><div class=\"ut-image-gallery-loader\"><div class=\"ut-image-gallery-loader-inner\"><\/div><\/div><\/div><\/div><\/div><\/div>[\/vc_column][vc_column width=\u00a0\u00bb1\/3&Prime;]<div class=\"wpb_content_element \"><style type=\"text\/css\">#ut_vs_69e0d42f2c969.ut-shortcode-video-wrap .ut-video-module-caption-text span { font-weight: bold; }<\/style><div id=\"ut_vs_69e0d42f2c969\" class=\"ut-shortcode-video-wrap  ut-shortcode-video-wrap-tablet- ut-shortcode-video-wrap-mobile- clearfix\" ><div id=\"ut_reveal_69e0d42f2c96a\"  class=\"ut-video-module \"><div class=\"ut-video-module-caption \"><a class=\"ut-load-video \" data-source=\"mp4\" data-autoplay=\"0\" data-nonce=\"cb3f1bba0f\" data-location=\"inline\"   data-video=\"https:\/\/youtu.be\/lm3Plvaf3UE\" data-html=\"#ut_vid_69e0d42f37dd1\">\r\n        <img loading=\"lazy\" decoding=\"async\" data-adaptive-images=\"{&quot;300&quot;:&quot;https:\\\/\\\/www.cabinet-therapie-breve.com\\\/emdr\\\/wp-content\\\/uploads\\\/2018\\\/07\\\/poster_01-300x169.jpg&quot;,&quot;500&quot;:&quot;https:\\\/\\\/www.cabinet-therapie-breve.com\\\/emdr\\\/wp-content\\\/uploads\\\/2018\\\/07\\\/poster_01-500x282.jpg&quot;,&quot;750&quot;:&quot;https:\\\/\\\/www.cabinet-therapie-breve.com\\\/emdr\\\/wp-content\\\/uploads\\\/2018\\\/07\\\/poster_01-750x423.jpg&quot;,&quot;1000&quot;:&quot;https:\\\/\\\/www.cabinet-therapie-breve.com\\\/emdr\\\/wp-content\\\/uploads\\\/2018\\\/07\\\/poster_01-1000x564.jpg&quot;,&quot;1500&quot;:&quot;https:\\\/\\\/www.cabinet-therapie-breve.com\\\/emdr\\\/wp-content\\\/uploads\\\/2018\\\/07\\\/poster_01-1500x846.jpg&quot;,&quot;2500&quot;:&quot;https:\\\/\\\/www.cabinet-therapie-breve.com\\\/emdr\\\/wp-content\\\/uploads\\\/2018\\\/07\\\/poster_01-2500x1410.jpg&quot;}\" alt=\"Poster 01\" src=\"data:image\/svg+xml;charset=utf-8,%3Csvg xmlns%3D&#039;http%3A%2F%2Fwww.w3.org%2F2000%2Fsvg&#039; viewBox%3D&#039;0 0 1500 846&#039;%2F%3E\" width=\"1500\" height=\"846\" data-src=\"https:\/\/www.cabinet-therapie-breve.com\/emdr\/wp-content\/uploads\/2018\/07\/poster_01-1500x846.jpg\" data-image-id=\"6644\" class=\"ut-adaptive-image wp-post-image skip-lazy \">\r\n\r\n        <div class=\"ut-video-module-caption-text\"><div class=\"ut-video-module-inner-caption-text ut-video-module-empty-caption ut-video-module-caption-position-default\"><div class=\"ut-video-module-play-icon \"><i class=\"Bklyn-Core-Right-6\" aria-hidden=\"true\"><\/i><\/div><\/div><\/div><\/a><\/div><div class=\"ut-video-module-loading\"><div class=\"ut-image-gallery-loader\"><div class=\"ut-image-gallery-loader-inner\"><\/div><\/div><\/div><\/div><\/div><\/div>[\/vc_column][vc_column width=\u00a0\u00bb1\/3&Prime;]<div class=\"wpb_content_element \"><style type=\"text\/css\">#ut_vs_69e0d42f37e24.ut-shortcode-video-wrap .ut-video-module-caption-text span { font-weight: bold; }<\/style><div id=\"ut_vs_69e0d42f37e24\" class=\"ut-shortcode-video-wrap  ut-shortcode-video-wrap-tablet- ut-shortcode-video-wrap-mobile- clearfix\" ><div id=\"ut_reveal_69e0d42f37e25\"  class=\"ut-video-module \"><div class=\"ut-video-module-caption \"><a class=\"ut-load-video \" data-source=\"mp4\" data-autoplay=\"0\" data-nonce=\"cb3f1bba0f\" data-location=\"inline\"   data-video=\"https:\/\/youtu.be\/bZ4ytCTNGkM\" data-html=\"#ut_vid_69e0d42f42bf5\">\r\n        <img loading=\"lazy\" decoding=\"async\" data-adaptive-images=\"{&quot;300&quot;:&quot;https:\\\/\\\/www.cabinet-therapie-breve.com\\\/emdr\\\/wp-content\\\/uploads\\\/2018\\\/07\\\/poster_02-300x169.jpg&quot;,&quot;500&quot;:&quot;https:\\\/\\\/www.cabinet-therapie-breve.com\\\/emdr\\\/wp-content\\\/uploads\\\/2018\\\/07\\\/poster_02-500x282.jpg&quot;,&quot;750&quot;:&quot;https:\\\/\\\/www.cabinet-therapie-breve.com\\\/emdr\\\/wp-content\\\/uploads\\\/2018\\\/07\\\/poster_02-750x423.jpg&quot;,&quot;1000&quot;:&quot;https:\\\/\\\/www.cabinet-therapie-breve.com\\\/emdr\\\/wp-content\\\/uploads\\\/2018\\\/07\\\/poster_02-1000x563.jpg&quot;,&quot;1500&quot;:&quot;https:\\\/\\\/www.cabinet-therapie-breve.com\\\/emdr\\\/wp-content\\\/uploads\\\/2018\\\/07\\\/poster_02-1500x845.jpg&quot;,&quot;2500&quot;:&quot;https:\\\/\\\/www.cabinet-therapie-breve.com\\\/emdr\\\/wp-content\\\/uploads\\\/2018\\\/07\\\/poster_02-2500x1408.jpg&quot;}\" alt=\"Poster 02\" src=\"data:image\/svg+xml;charset=utf-8,%3Csvg xmlns%3D&#039;http%3A%2F%2Fwww.w3.org%2F2000%2Fsvg&#039; viewBox%3D&#039;0 0 1500 845&#039;%2F%3E\" width=\"1500\" height=\"845\" data-src=\"https:\/\/www.cabinet-therapie-breve.com\/emdr\/wp-content\/uploads\/2018\/07\/poster_02-1500x845.jpg\" data-image-id=\"6646\" class=\"ut-adaptive-image wp-post-image skip-lazy \">\r\n\r\n        <div class=\"ut-video-module-caption-text\"><div class=\"ut-video-module-inner-caption-text ut-video-module-empty-caption ut-video-module-caption-position-default\"><div class=\"ut-video-module-play-icon \"><i class=\"Bklyn-Core-Right-6\" aria-hidden=\"true\"><\/i><\/div><\/div><\/div><\/a><\/div><div class=\"ut-video-module-loading\"><div class=\"ut-image-gallery-loader\"><div class=\"ut-image-gallery-loader-inner\"><\/div><\/div><\/div><\/div><\/div><\/div>[\/vc_column][\/vc_row][vc_row][vc_column width=\u00a0\u00bb1\/3&Prime;]<div class=\"wpb_content_element \"><style type=\"text\/css\">#ut_vs_69e0d42f42c54.ut-shortcode-video-wrap .ut-video-module-caption-text span { font-weight: bold; }<\/style><div id=\"ut_vs_69e0d42f42c54\" class=\"ut-shortcode-video-wrap  ut-shortcode-video-wrap-tablet- ut-shortcode-video-wrap-mobile- clearfix\" ><div id=\"ut_reveal_69e0d42f42c55\"  class=\"ut-video-module \"><div class=\"ut-video-module-caption \"><a class=\"ut-load-video \" data-source=\"youtube\" data-autoplay=\"0\" data-nonce=\"cb3f1bba0f\" data-location=\"inline\"   data-video=\"https:\/\/youtu.be\/qg1BfBMl0SE\" data-html=\"#ut_vid_69e0d42f42d19\"><img loading=\"lazy\" decoding=\"async\" class=\"ut-lozad\" src=\"data:image\/svg+xml;charset=utf-8,%3Csvg xmlns%3D'http%3A%2F%2Fwww.w3.org%2F2000%2Fsvg' viewBox%3D'0 0 1280 720'%2F%3E\" data-src=\"\/\/i.ytimg.com\/vi\/qg1BfBMl0SE\/maxresdefault.jpg\" width=\"1280\" height=\"720\"><div class=\"ut-video-module-caption-text\"><div class=\"ut-video-module-inner-caption-text ut-video-module-empty-caption ut-video-module-caption-position-default\"><div class=\"ut-video-module-play-icon \"><i class=\"Bklyn-Core-Right-6\" aria-hidden=\"true\"><\/i><\/div><\/div><\/div><\/a><\/div><div class=\"ut-video-module-loading\"><div class=\"ut-image-gallery-loader\"><div class=\"ut-image-gallery-loader-inner\"><\/div><\/div><\/div><\/div><\/div><\/div>[\/vc_column][vc_column width=\u00a0\u00bb1\/3&Prime;]<div class=\"wpb_content_element \"><style type=\"text\/css\">#ut_vs_69e0d42f42d4e.ut-shortcode-video-wrap .ut-video-module-caption-text span { font-weight: bold; }<\/style><div id=\"ut_vs_69e0d42f42d4e\" class=\"ut-shortcode-video-wrap  ut-shortcode-video-wrap-tablet- ut-shortcode-video-wrap-mobile- clearfix\" ><div id=\"ut_reveal_69e0d42f42d4f\"  class=\"ut-video-module \"><div class=\"ut-video-module-caption \"><a class=\"ut-load-video \" data-source=\"mp4\" data-autoplay=\"0\" data-nonce=\"cb3f1bba0f\" data-location=\"inline\"   data-video=\"https:\/\/youtu.be\/uM2TVnOXy7k\" data-html=\"#ut_vid_69e0d42f4f843\">\r\n        <img loading=\"lazy\" decoding=\"async\" data-adaptive-images=\"{&quot;300&quot;:&quot;https:\\\/\\\/www.cabinet-therapie-breve.com\\\/emdr\\\/wp-content\\\/uploads\\\/2018\\\/07\\\/poster_03-300x169.jpg&quot;,&quot;500&quot;:&quot;https:\\\/\\\/www.cabinet-therapie-breve.com\\\/emdr\\\/wp-content\\\/uploads\\\/2018\\\/07\\\/poster_03-500x282.jpg&quot;,&quot;750&quot;:&quot;https:\\\/\\\/www.cabinet-therapie-breve.com\\\/emdr\\\/wp-content\\\/uploads\\\/2018\\\/07\\\/poster_03-750x423.jpg&quot;,&quot;1000&quot;:&quot;https:\\\/\\\/www.cabinet-therapie-breve.com\\\/emdr\\\/wp-content\\\/uploads\\\/2018\\\/07\\\/poster_03-1000x563.jpg&quot;,&quot;1500&quot;:&quot;https:\\\/\\\/www.cabinet-therapie-breve.com\\\/emdr\\\/wp-content\\\/uploads\\\/2018\\\/07\\\/poster_03-1500x845.jpg&quot;,&quot;2500&quot;:&quot;https:\\\/\\\/www.cabinet-therapie-breve.com\\\/emdr\\\/wp-content\\\/uploads\\\/2018\\\/07\\\/poster_03-2500x1408.jpg&quot;}\" alt=\"Poster 03\" src=\"data:image\/svg+xml;charset=utf-8,%3Csvg xmlns%3D&#039;http%3A%2F%2Fwww.w3.org%2F2000%2Fsvg&#039; viewBox%3D&#039;0 0 1500 845&#039;%2F%3E\" width=\"1500\" height=\"845\" data-src=\"https:\/\/www.cabinet-therapie-breve.com\/emdr\/wp-content\/uploads\/2018\/07\/poster_03-1500x845.jpg\" data-image-id=\"6648\" class=\"ut-adaptive-image wp-post-image skip-lazy \">\r\n\r\n        <div class=\"ut-video-module-caption-text\"><div class=\"ut-video-module-inner-caption-text ut-video-module-empty-caption ut-video-module-caption-position-default\"><div class=\"ut-video-module-play-icon \"><i class=\"Bklyn-Core-Right-6\" aria-hidden=\"true\"><\/i><\/div><\/div><\/div><\/a><\/div><div class=\"ut-video-module-loading\"><div class=\"ut-image-gallery-loader\"><div class=\"ut-image-gallery-loader-inner\"><\/div><\/div><\/div><\/div><\/div><\/div>[\/vc_column][vc_column width=\u00a0\u00bb1\/3&Prime;]<div class=\"wpb_content_element \"><style type=\"text\/css\">#ut_vs_69e0d42f4f8bd.ut-shortcode-video-wrap .ut-video-module-caption-text span { font-weight: bold; }<\/style><div id=\"ut_vs_69e0d42f4f8bd\" class=\"ut-shortcode-video-wrap  ut-shortcode-video-wrap-tablet- ut-shortcode-video-wrap-mobile- clearfix\" ><div id=\"ut_reveal_69e0d42f4f8be\"  class=\"ut-video-module \"><div class=\"ut-video-module-caption \"><a class=\"ut-load-video \" data-source=\"mp4\" data-autoplay=\"0\" data-nonce=\"cb3f1bba0f\" data-location=\"inline\"   data-video=\"https:\/\/youtu.be\/q_kl9fu0F88\" data-html=\"#ut_vid_69e0d42f58378\">\r\n        <img loading=\"lazy\" decoding=\"async\" data-adaptive-images=\"{&quot;300&quot;:&quot;https:\\\/\\\/www.cabinet-therapie-breve.com\\\/emdr\\\/wp-content\\\/uploads\\\/2018\\\/07\\\/poster_04-300x169.jpg&quot;,&quot;500&quot;:&quot;https:\\\/\\\/www.cabinet-therapie-breve.com\\\/emdr\\\/wp-content\\\/uploads\\\/2018\\\/07\\\/poster_04-500x282.jpg&quot;,&quot;750&quot;:&quot;https:\\\/\\\/www.cabinet-therapie-breve.com\\\/emdr\\\/wp-content\\\/uploads\\\/2018\\\/07\\\/poster_04-750x423.jpg&quot;,&quot;1000&quot;:&quot;https:\\\/\\\/www.cabinet-therapie-breve.com\\\/emdr\\\/wp-content\\\/uploads\\\/2018\\\/07\\\/poster_04-1000x563.jpg&quot;,&quot;1500&quot;:&quot;https:\\\/\\\/www.cabinet-therapie-breve.com\\\/emdr\\\/wp-content\\\/uploads\\\/2018\\\/07\\\/poster_04-1500x845.jpg&quot;,&quot;2500&quot;:&quot;https:\\\/\\\/www.cabinet-therapie-breve.com\\\/emdr\\\/wp-content\\\/uploads\\\/2018\\\/07\\\/poster_04-2500x1408.jpg&quot;}\" alt=\"Poster 04\" src=\"data:image\/svg+xml;charset=utf-8,%3Csvg xmlns%3D&#039;http%3A%2F%2Fwww.w3.org%2F2000%2Fsvg&#039; viewBox%3D&#039;0 0 1500 845&#039;%2F%3E\" width=\"1500\" height=\"845\" data-src=\"https:\/\/www.cabinet-therapie-breve.com\/emdr\/wp-content\/uploads\/2018\/07\/poster_04-1500x845.jpg\" data-image-id=\"6650\" class=\"ut-adaptive-image wp-post-image skip-lazy \">\r\n\r\n        <div class=\"ut-video-module-caption-text\"><div class=\"ut-video-module-inner-caption-text ut-video-module-empty-caption ut-video-module-caption-position-default\"><div class=\"ut-video-module-play-icon \"><i class=\"Bklyn-Core-Right-6\" aria-hidden=\"true\"><\/i><\/div><\/div><\/div><\/a><\/div><div class=\"ut-video-module-loading\"><div class=\"ut-image-gallery-loader\"><div class=\"ut-image-gallery-loader-inner\"><\/div><\/div><\/div><\/div><\/div><\/div>[\/vc_column][\/vc_row][vc_row][vc_column width=\u00a0\u00bb1\/3&Prime;]<div class=\"wpb_content_element \"><style type=\"text\/css\">#ut_vs_69e0d42f583fd.ut-shortcode-video-wrap .ut-video-module-caption-text span { font-weight: bold; }<\/style><div id=\"ut_vs_69e0d42f583fd\" class=\"ut-shortcode-video-wrap  ut-shortcode-video-wrap-tablet- ut-shortcode-video-wrap-mobile- clearfix\" ><div id=\"ut_reveal_69e0d42f583fe\"  class=\"ut-video-module \"><div class=\"ut-video-module-caption \"><a class=\"ut-load-video \" data-source=\"youtube\" data-autoplay=\"0\" data-nonce=\"cb3f1bba0f\" data-location=\"inline\"   data-video=\"https:\/\/youtu.be\/OmpneunSmbI\" data-html=\"#ut_vid_69e0d42f58454\"><img loading=\"lazy\" decoding=\"async\" class=\"ut-lozad\" src=\"data:image\/svg+xml;charset=utf-8,%3Csvg xmlns%3D'http%3A%2F%2Fwww.w3.org%2F2000%2Fsvg' viewBox%3D'0 0 1280 720'%2F%3E\" data-src=\"\/\/i.ytimg.com\/vi\/OmpneunSmbI\/maxresdefault.jpg\" width=\"1280\" height=\"720\"><div class=\"ut-video-module-caption-text\"><div class=\"ut-video-module-inner-caption-text ut-video-module-empty-caption ut-video-module-caption-position-default\"><div class=\"ut-video-module-play-icon \"><i class=\"Bklyn-Core-Right-6\" aria-hidden=\"true\"><\/i><\/div><\/div><\/div><\/a><\/div><div class=\"ut-video-module-loading\"><div class=\"ut-image-gallery-loader\"><div class=\"ut-image-gallery-loader-inner\"><\/div><\/div><\/div><\/div><\/div><\/div>[\/vc_column][vc_column width=\u00a0\u00bb1\/3&Prime;]<div class=\"wpb_content_element \"><style type=\"text\/css\">#ut_vs_69e0d42f58493.ut-shortcode-video-wrap .ut-video-module-caption-text span { font-weight: bold; }<\/style><div id=\"ut_vs_69e0d42f58493\" class=\"ut-shortcode-video-wrap  ut-shortcode-video-wrap-tablet- ut-shortcode-video-wrap-mobile- clearfix\" ><div id=\"ut_reveal_69e0d42f58494\"  class=\"ut-video-module \"><div class=\"ut-video-module-caption \"><a class=\"ut-load-video \" data-source=\"vimeo\" data-autoplay=\"0\" data-nonce=\"cb3f1bba0f\" data-location=\"inline\"   data-video=\"https:\/\/vimeo.com\/419756521\" data-html=\"#ut_vid_69e0d42fe7445\"><img decoding=\"async\" src=\"https:\/\/i.vimeocdn.com\/video\/895051218-2dcf8dced71532a50d7367a2f88ff932d1d396529090afceba52afd48eee5a93-d_640?region=us\"><div class=\"ut-video-module-caption-text\"><div class=\"ut-video-module-inner-caption-text ut-video-module-empty-caption ut-video-module-caption-position-default\"><div class=\"ut-video-module-play-icon \"><i class=\"Bklyn-Core-Right-6\" aria-hidden=\"true\"><\/i><\/div><\/div><\/div><\/a><\/div><div class=\"ut-video-module-loading\"><div class=\"ut-image-gallery-loader\"><div class=\"ut-image-gallery-loader-inner\"><\/div><\/div><\/div><\/div><\/div><\/div>[\/vc_column][\/vc_row][\/vc_section]<\/p>\n<\/div>","protected":false},"excerpt":{"rendered":"<p>[vc_section][vc_row][vc_column][\/vc_column][\/vc_row][vc_row][vc_column width=\u00a0\u00bb1\/3&Prime;][\/vc_column][vc_column width=\u00a0\u00bb1\/3&Prime;][\/vc_column][vc_column width=\u00a0\u00bb1\/3&Prime;][\/vc_column][\/vc_row][vc_row][vc_column width=\u00a0\u00bb1\/3&Prime;][\/vc_column][vc_column width=\u00a0\u00bb1\/3&Prime;][\/vc_column][vc_column width=\u00a0\u00bb1\/3&Prime;][\/vc_column][\/vc_row][vc_row][vc_column width=\u00a0\u00bb1\/3&Prime;][\/vc_column][vc_column width=\u00a0\u00bb1\/3&Prime;][\/vc_column][\/vc_row][\/vc_section]<\/p>\n","protected":false},"author":1,"featured_media":0,"parent":0,"menu_order":0,"comment_status":"closed","ping_status":"closed","template":"","meta":{"_monsterinsights_skip_tracking":false,"_monsterinsights_sitenote_active":false,"_monsterinsights_sitenote_note":"","_monsterinsights_sitenote_category":0,"footnotes":""},"class_list":["post-6657","page","type-page","status-publish","hentry"],"yoast_head":"<!-- This site is optimized with the Yoast SEO plugin v27.4 - https:\/\/yoast.com\/product\/yoast-seo-wordpress\/ -->\n<title>Th\u00e9rapies Br\u00e8ves et Neurofeedback - Vid\u00e9os<\/title>\n<meta name=\"description\" content=\"Le principe du neurofeedback consiste \u00e0 aider le cerveau \u00e0 se r\u00e9parer lui-m\u00eame et \u00e0 permettre au patient de mieux ma\u00eetriser son activit\u00e9 c\u00e9r\u00e9brale.\" \/>\n<meta name=\"robots\" content=\"index, follow, max-snippet:-1, max-image-preview:large, max-video-preview:-1\" \/>\n<link rel=\"canonical\" href=\"https:\/\/www.cabinet-therapie-breve.com\/emdr\/videos\/\" \/>\n<meta property=\"og:locale\" content=\"fr_FR\" \/>\n<meta property=\"og:type\" content=\"article\" \/>\n<meta property=\"og:title\" content=\"Th\u00e9rapies Br\u00e8ves et Neurofeedback - Vid\u00e9os\" \/>\n<meta property=\"og:description\" content=\"Le principe du neurofeedback consiste \u00e0 aider le cerveau \u00e0 se r\u00e9parer lui-m\u00eame et \u00e0 permettre au patient de mieux ma\u00eetriser son activit\u00e9 c\u00e9r\u00e9brale.\" \/>\n<meta property=\"og:url\" content=\"https:\/\/www.cabinet-therapie-breve.com\/emdr\/videos\/\" \/>\n<meta property=\"og:site_name\" content=\"Th\u00e9rapies Br\u00e8ves\" \/>\n<meta property=\"article:modified_time\" content=\"2021-11-02T15:02:34+00:00\" \/>\n<meta name=\"twitter:card\" content=\"summary_large_image\" \/>\n<meta name=\"twitter:label1\" content=\"Dur\u00e9e de lecture estim\u00e9e\" \/>\n\t<meta name=\"twitter:data1\" content=\"1 minute\" \/>\n<script type=\"application\/ld+json\" class=\"yoast-schema-graph\">{\"@context\":\"https:\\\/\\\/schema.org\",\"@graph\":[{\"@type\":\"WebPage\",\"@id\":\"https:\\\/\\\/www.cabinet-therapie-breve.com\\\/emdr\\\/videos\\\/\",\"url\":\"https:\\\/\\\/www.cabinet-therapie-breve.com\\\/emdr\\\/videos\\\/\",\"name\":\"Th\u00e9rapies Br\u00e8ves et Neurofeedback - Vid\u00e9os\",\"isPartOf\":{\"@id\":\"https:\\\/\\\/www.cabinet-therapie-breve.com\\\/emdr\\\/#website\"},\"datePublished\":\"2018-07-04T10:28:41+00:00\",\"dateModified\":\"2021-11-02T15:02:34+00:00\",\"description\":\"Le principe du neurofeedback consiste \u00e0 aider le cerveau \u00e0 se r\u00e9parer lui-m\u00eame et \u00e0 permettre au patient de mieux ma\u00eetriser son activit\u00e9 c\u00e9r\u00e9brale.\",\"breadcrumb\":{\"@id\":\"https:\\\/\\\/www.cabinet-therapie-breve.com\\\/emdr\\\/videos\\\/#breadcrumb\"},\"inLanguage\":\"fr-FR\",\"potentialAction\":[{\"@type\":\"ReadAction\",\"target\":[\"https:\\\/\\\/www.cabinet-therapie-breve.com\\\/emdr\\\/videos\\\/\"]}]},{\"@type\":\"BreadcrumbList\",\"@id\":\"https:\\\/\\\/www.cabinet-therapie-breve.com\\\/emdr\\\/videos\\\/#breadcrumb\",\"itemListElement\":[{\"@type\":\"ListItem\",\"position\":1,\"name\":\"Accueil\",\"item\":\"https:\\\/\\\/www.cabinet-therapie-breve.com\\\/emdr\\\/\"},{\"@type\":\"ListItem\",\"position\":2,\"name\":\"Vid\u00e9os\"}]},{\"@type\":\"WebSite\",\"@id\":\"https:\\\/\\\/www.cabinet-therapie-breve.com\\\/emdr\\\/#website\",\"url\":\"https:\\\/\\\/www.cabinet-therapie-breve.com\\\/emdr\\\/\",\"name\":\"Th\u00e9rapies Br\u00e8ves\",\"description\":\"\",\"potentialAction\":[{\"@type\":\"SearchAction\",\"target\":{\"@type\":\"EntryPoint\",\"urlTemplate\":\"https:\\\/\\\/www.cabinet-therapie-breve.com\\\/emdr\\\/?s={search_term_string}\"},\"query-input\":{\"@type\":\"PropertyValueSpecification\",\"valueRequired\":true,\"valueName\":\"search_term_string\"}}],\"inLanguage\":\"fr-FR\"}]}<\/script>\n<!-- \/ Yoast SEO plugin. -->","yoast_head_json":{"title":"Th\u00e9rapies Br\u00e8ves et Neurofeedback - Vid\u00e9os","description":"Le principe du neurofeedback consiste \u00e0 aider le cerveau \u00e0 se r\u00e9parer lui-m\u00eame et \u00e0 permettre au patient de mieux ma\u00eetriser son activit\u00e9 c\u00e9r\u00e9brale.","robots":{"index":"index","follow":"follow","max-snippet":"max-snippet:-1","max-image-preview":"max-image-preview:large","max-video-preview":"max-video-preview:-1"},"canonical":"https:\/\/www.cabinet-therapie-breve.com\/emdr\/videos\/","og_locale":"fr_FR","og_type":"article","og_title":"Th\u00e9rapies Br\u00e8ves et Neurofeedback - Vid\u00e9os","og_description":"Le principe du neurofeedback consiste \u00e0 aider le cerveau \u00e0 se r\u00e9parer lui-m\u00eame et \u00e0 permettre au patient de mieux ma\u00eetriser son activit\u00e9 c\u00e9r\u00e9brale.","og_url":"https:\/\/www.cabinet-therapie-breve.com\/emdr\/videos\/","og_site_name":"Th\u00e9rapies Br\u00e8ves","article_modified_time":"2021-11-02T15:02:34+00:00","twitter_card":"summary_large_image","twitter_misc":{"Dur\u00e9e de lecture estim\u00e9e":"1 minute"},"schema":{"@context":"https:\/\/schema.org","@graph":[{"@type":"WebPage","@id":"https:\/\/www.cabinet-therapie-breve.com\/emdr\/videos\/","url":"https:\/\/www.cabinet-therapie-breve.com\/emdr\/videos\/","name":"Th\u00e9rapies Br\u00e8ves et Neurofeedback - Vid\u00e9os","isPartOf":{"@id":"https:\/\/www.cabinet-therapie-breve.com\/emdr\/#website"},"datePublished":"2018-07-04T10:28:41+00:00","dateModified":"2021-11-02T15:02:34+00:00","description":"Le principe du neurofeedback consiste \u00e0 aider le cerveau \u00e0 se r\u00e9parer lui-m\u00eame et \u00e0 permettre au patient de mieux ma\u00eetriser son activit\u00e9 c\u00e9r\u00e9brale.","breadcrumb":{"@id":"https:\/\/www.cabinet-therapie-breve.com\/emdr\/videos\/#breadcrumb"},"inLanguage":"fr-FR","potentialAction":[{"@type":"ReadAction","target":["https:\/\/www.cabinet-therapie-breve.com\/emdr\/videos\/"]}]},{"@type":"BreadcrumbList","@id":"https:\/\/www.cabinet-therapie-breve.com\/emdr\/videos\/#breadcrumb","itemListElement":[{"@type":"ListItem","position":1,"name":"Accueil","item":"https:\/\/www.cabinet-therapie-breve.com\/emdr\/"},{"@type":"ListItem","position":2,"name":"Vid\u00e9os"}]},{"@type":"WebSite","@id":"https:\/\/www.cabinet-therapie-breve.com\/emdr\/#website","url":"https:\/\/www.cabinet-therapie-breve.com\/emdr\/","name":"Th\u00e9rapies Br\u00e8ves","description":"","potentialAction":[{"@type":"SearchAction","target":{"@type":"EntryPoint","urlTemplate":"https:\/\/www.cabinet-therapie-breve.com\/emdr\/?s={search_term_string}"},"query-input":{"@type":"PropertyValueSpecification","valueRequired":true,"valueName":"search_term_string"}}],"inLanguage":"fr-FR"}]}},"_links":{"self":[{"href":"https:\/\/www.cabinet-therapie-breve.com\/emdr\/wp-json\/wp\/v2\/pages\/6657","targetHints":{"allow":["GET"]}}],"collection":[{"href":"https:\/\/www.cabinet-therapie-breve.com\/emdr\/wp-json\/wp\/v2\/pages"}],"about":[{"href":"https:\/\/www.cabinet-therapie-breve.com\/emdr\/wp-json\/wp\/v2\/types\/page"}],"author":[{"embeddable":true,"href":"https:\/\/www.cabinet-therapie-breve.com\/emdr\/wp-json\/wp\/v2\/users\/1"}],"replies":[{"embeddable":true,"href":"https:\/\/www.cabinet-therapie-breve.com\/emdr\/wp-json\/wp\/v2\/comments?post=6657"}],"version-history":[{"count":5,"href":"https:\/\/www.cabinet-therapie-breve.com\/emdr\/wp-json\/wp\/v2\/pages\/6657\/revisions"}],"predecessor-version":[{"id":6874,"href":"https:\/\/www.cabinet-therapie-breve.com\/emdr\/wp-json\/wp\/v2\/pages\/6657\/revisions\/6874"}],"wp:attachment":[{"href":"https:\/\/www.cabinet-therapie-breve.com\/emdr\/wp-json\/wp\/v2\/media?parent=6657"}],"curies":[{"name":"wp","href":"https:\/\/api.w.org\/{rel}","templated":true}]}}