{"id":6686,"date":"2018-09-06T05:28:24","date_gmt":"2018-09-06T03:28:24","guid":{"rendered":"https:\/\/www.cabinet-therapie-breve.com\/emdr\/faq-copy\/"},"modified":"2020-03-14T09:53:17","modified_gmt":"2020-03-14T08:53:17","slug":"neurofeedback","status":"publish","type":"page","link":"https:\/\/www.cabinet-therapie-breve.com\/emdr\/neurofeedback\/","title":{"rendered":"Neurofeedback"},"content":{"rendered":"<div class=\"wpb-content-wrapper\"><p>[vc_section][vc_row][vc_column]<div class=\"wpb_content_element \"><style type=\"text\/css\"><\/style><header id=\"ut_header_69ec911c288fd\" class=\"section-header  ut-no-title-linebreak-mobile ut-no-lead-linebreak-mobile pt-style-7 header-center header-tablet-center header-mobile-center element-with-custom-line-height\"><div class=\"element-with-custom-line-height\" ><h2 data-title=\"C\u2019est quoi le neurofeedback ?\"  data-responsive-font=\"section_title\" class=\"section-title  \"><span>C\u2019est quoi le neurofeedback ?<\/span><\/h2><\/div><\/header><\/div>[\/vc_column][\/vc_row][vc_row][vc_column width=\u00a0\u00bb2\/3&Prime;][vc_column_text el_class=\u00a0\u00bbjustifier\u00a0\u00bb]Issu des neurosciences, le neurofeedback est une technique informatis\u00e9e d\u2019entra\u00eenement et de r\u00e9-\u00e9quilibration de l\u2019activit\u00e9 \u00e9lectrique c\u00e9r\u00e9brale utilisant la neuroplasticit\u00e9.<\/p>\n<p>Cette m\u00e9thode permet au cerveau de s\u2019auto-corriger et de retrouver un \u00e9quilibre stable.<\/p>\n<p>Son application sur les troubles psychiques et cognitifs en fait une technique de neuroth\u00e9rapie tr\u00e8s performante.<\/p>\n<p>Le neurofeedback est bas\u00e9 sur la notion de retour d&rsquo;information (feedback en anglais) au cerveau. Le cerveau apprend et se d\u00e9veloppe gr\u00e2ce aux retours d&rsquo;informations qu&rsquo;il per\u00e7oit de l&rsquo;environnement ext\u00e9rieur et des actions accomplies par l&rsquo;organisme. Par ces retours d&rsquo;informations, le cerveau se r\u00e9organise et progresse. Ces m\u00e9canismes ne sont pas conscients mais automatiques, g\u00e9r\u00e9s par le cerveau lui-m\u00eame sans que nous puissions l&rsquo;influencer.<\/p>\n<p>Le neurofeedback consiste \u00e0 recueillir des informations sur l&rsquo;activit\u00e9 \u00e9lectrique du cerveau pour l&rsquo;inciter \u00e0 se r\u00e9organiser en vue de compenser un dysfonctionnement.<\/p>\n<p>Le principe du neurofeedback consiste ainsi \u00e0 aider le cerveau \u00e0 se r\u00e9parer lui-m\u00eame et \u00e0 permettre au patient de mieux ma\u00eetriser son activit\u00e9 c\u00e9r\u00e9brale.<\/p>\n<p>Plus concr\u00e8tement, le neurofeedback se d\u00e9roule de la mani\u00e8re suivante :<\/p>\n<ul>\n<li>Des \u00e9lectrodes (5) sont plac\u00e9es sur le cr\u00e2ne du patient pour enregistrer l&rsquo;activit\u00e9 c\u00e9r\u00e9brale.<\/li>\n<li>Ceci se fait de mani\u00e8re totalement indolore .Le patient est d\u00e9tendu sur un divan et \u00e9coute de la musique<\/li>\n<li>Le praticien transmet en temps r\u00e9el les informations de l&rsquo;enregistrement sous forme de messages visuels ou auditifs.<\/li>\n<li>En g\u00e9n\u00e9ral, entre 6 et 12 s\u00e9ances sont recommand\u00e9es.<\/li>\n<\/ul>\n<p>Dans le monde, environ 10 000 praticiens pratiquent le neurofeedback, principalement aux \u00c9tats-Unis (90 % des patients trait\u00e9s dans le monde). En Europe, la technique est surtout d\u00e9velopp\u00e9e en Suisse. Elle se d\u00e9veloppe tr\u00e8s rapidement en France.<\/p>\n<p>\u00c0 noter : compte tenu du co\u00fbt important des machines, les s\u00e9ances de neurofeedback sont relativement ch\u00e8res (90\u20ac) et rarement prises en charge par les compl\u00e9mentaires sant\u00e9.<\/p>\n<h3>Neurofeedback : dans quels cas est-il recommand\u00e9 ?<\/h3>\n<p>Cette technique est conseill\u00e9es dans de multiples circonstances chez les adultes mais aussi chez les enfants, notamment :<\/p>\n<p>l&rsquo;anxi\u00e9t\u00e9,<br \/>\nla d\u00e9pression,<br \/>\nl&rsquo;\u00e9pilepsie,<br \/>\nl&rsquo;autisme,<br \/>\nles migraines,<br \/>\nles troubles du d\u00e9ficit de l&rsquo;attention (TDA) chez les enfants (avec une efficacit\u00e9 revendiqu\u00e9e comme sup\u00e9rieure aux m\u00e9dicaments),<br \/>\nl&rsquo;\u00e9nur\u00e9sie (fuites urinaires nocturnes),<br \/>\nle somnambulisme,<br \/>\nles troubles du sommeil (insomnie, r\u00e9veils nocturnes, difficult\u00e9s d&rsquo;endormissement), et en particulier chez les enfants les cauchemars et les terreurs nocturnes,<br \/>\nle bruxisme (grincement des dents),<br \/>\nles troubles psychiatriques,<br \/>\nla d\u00e9pendance \u00e0 l&rsquo;alcool et les autres addictions.<\/p>\n<p>Sachez que le neurofeedback peut \u00e9galement \u00eatre utilis\u00e9 en dehors de toute indication m\u00e9dicale pour engendrer une profonde relaxation et un \u00e9tat m\u00e9ditatif.<\/p>\n<p>Voir le lien <a href=\"http:\/\/midetplus.fr\/bien-etre\/neurofeedback-therapie-de-demain\/\" target=\"_blank\" rel=\"noopener noreferrer\">neurofeedback th\u00e9rapie de demain<\/a>.<\/p>\n<p>Institut Lib\u00e9ral de <a href=\"http:\/\/www.ilnd.fr\/\" target=\"_blank\" rel=\"noopener noreferrer\">Neurofeedback<\/a> Dynamique.<\/p>\n<p><a href=\"https:\/\/neuroptimal.com\/\" target=\"_blank\" rel=\"noopener noreferrer\">NeurOptimal\u00ae<\/a><\/p>\n<p>Voir \u00e9galement le <a href=\"https:\/\/www.cabinet-therapie-breve.com\/emdr\/neurofeedback-dynamique\/\">Neurofeedback dynamique<\/a>.[\/vc_column_text][\/vc_column][vc_column width=\u00a0\u00bb1\/3&Prime;]<style type=\"text\/css\">#bklyn_btn_69ec911c29e7d .bklyn-btn { color:#ffffff !important; border-radius:50px !important; background-color:#1c8290 !important; }#bklyn_btn_69ec911c29e7d .bklyn-btn:hover{ background-color:rgba(28, 130, 144, 0.75) !important; }#bklyn_btn_69ec911c29e7d .bklyn-btn:focus{ background-color:rgba(28, 130, 144, 0.75) !important; }#bklyn_btn_69ec911c29e7d .bklyn-btn:active { background-color:rgba(28, 130, 144, 0.75) !important; }#bklyn_btn_69ec911c29e7d a i:before { font-size:24px; }<\/style><div id=\"bklyn_btn_69ec911c29e7d\" class=\"bklyn-btn-holder  bklyn-btn-center bklyn-btn-tablet-center bklyn-btn-mobile-center\"><a title=\"\"   href=\"https:\/\/www.cabinet-therapie-breve.com\/emdr\/videos\/\" target=\"_self\" class=\"bklyn-btn  bklyn-btn-icon-left bklyn-btn-normal\" ><i class=\"BklynIcons-Right-3\"><\/i><span class=\"ut-btn-text\">VID\u00c9OS TH\u00c9RAPIES BR\u00c8VES<\/span><\/a><\/div><style type=\"text\/css\">#bklyn_btn_69ec911c29ebd .bklyn-btn { color:#ffffff !important; border-radius:50px !important; background-color:#ecae2a !important; }#bklyn_btn_69ec911c29ebd .bklyn-btn:hover{ background-color:rgba(236, 174, 42, 0.75) !important; }#bklyn_btn_69ec911c29ebd .bklyn-btn:focus{ background-color:rgba(236, 174, 42, 0.75) !important; }#bklyn_btn_69ec911c29ebd .bklyn-btn:active { background-color:rgba(236, 174, 42, 0.75) !important; }#bklyn_btn_69ec911c29ebd a i:before { font-size:24px; }<\/style><div id=\"bklyn_btn_69ec911c29ebd\" class=\"bklyn-btn-holder  bklyn-btn-center bklyn-btn-tablet-center bklyn-btn-mobile-center\"><a title=\"\"   href=\"https:\/\/www.cabinet-therapie-breve.com\/emdr\/#contact\" target=\"_self\" class=\"bklyn-btn  bklyn-btn-icon-left bklyn-btn-normal\" ><i class=\"BklynIcons-Right-2\"><\/i><span class=\"ut-btn-text\">NOUS CONTACTER<\/span><\/a><\/div>[\/vc_column][\/vc_row][\/vc_section]<\/p>\n<\/div>","protected":false},"excerpt":{"rendered":"<p>[vc_section][vc_row][vc_column][\/vc_column][\/vc_row][vc_row][vc_column width=\u00a0\u00bb2\/3&Prime;][vc_column_text el_class=\u00a0\u00bbjustifier\u00a0\u00bb]Issu des neurosciences, le neurofeedback est une technique informatis\u00e9e d\u2019entra\u00eenement et de r\u00e9-\u00e9quilibration de l\u2019activit\u00e9 \u00e9lectrique c\u00e9r\u00e9brale utilisant la neuroplasticit\u00e9. Cette m\u00e9thode permet au cerveau de s\u2019auto-corriger et de retrouver un \u00e9quilibre stable. Son application sur les troubles psychiques et cognitifs en fait une technique de neuroth\u00e9rapie tr\u00e8s performante. Le neurofeedback est bas\u00e9 [&hellip;]<\/p>\n","protected":false},"author":1,"featured_media":0,"parent":0,"menu_order":0,"comment_status":"closed","ping_status":"closed","template":"","meta":{"_monsterinsights_skip_tracking":false,"_monsterinsights_sitenote_active":false,"_monsterinsights_sitenote_note":"","_monsterinsights_sitenote_category":0,"footnotes":""},"class_list":["post-6686","page","type-page","status-publish","hentry"],"yoast_head":"<!-- This site is optimized with the Yoast SEO plugin v27.4 - https:\/\/yoast.com\/product\/yoast-seo-wordpress\/ -->\n<title>Neurofeedback - Th\u00e9rapies Br\u00e8ves<\/title>\n<meta name=\"description\" content=\"Issu des neurosciences, le neurofeedback est une technique informatis\u00e9e d\u2019entra\u00eenement et de r\u00e9-\u00e9quilibration de l\u2019activit\u00e9 \u00e9lectrique c\u00e9r\u00e9brale utilisant la neuroplasticit\u00e9.\" \/>\n<meta name=\"robots\" content=\"index, follow, max-snippet:-1, max-image-preview:large, max-video-preview:-1\" \/>\n<link rel=\"canonical\" href=\"https:\/\/www.cabinet-therapie-breve.com\/emdr\/neurofeedback\/\" \/>\n<meta property=\"og:locale\" content=\"fr_FR\" \/>\n<meta property=\"og:type\" content=\"article\" \/>\n<meta property=\"og:title\" content=\"Neurofeedback - Th\u00e9rapies Br\u00e8ves\" \/>\n<meta property=\"og:description\" content=\"Issu des neurosciences, le neurofeedback est une technique informatis\u00e9e d\u2019entra\u00eenement et de r\u00e9-\u00e9quilibration de l\u2019activit\u00e9 \u00e9lectrique c\u00e9r\u00e9brale utilisant la neuroplasticit\u00e9.\" \/>\n<meta property=\"og:url\" content=\"https:\/\/www.cabinet-therapie-breve.com\/emdr\/neurofeedback\/\" \/>\n<meta property=\"og:site_name\" content=\"Th\u00e9rapies Br\u00e8ves\" \/>\n<meta property=\"article:modified_time\" content=\"2020-03-14T08:53:17+00:00\" \/>\n<meta name=\"twitter:card\" content=\"summary_large_image\" \/>\n<meta name=\"twitter:label1\" content=\"Dur\u00e9e de lecture estim\u00e9e\" \/>\n\t<meta name=\"twitter:data1\" content=\"3 minutes\" \/>\n<script type=\"application\/ld+json\" class=\"yoast-schema-graph\">{\"@context\":\"https:\\\/\\\/schema.org\",\"@graph\":[{\"@type\":\"WebPage\",\"@id\":\"https:\\\/\\\/www.cabinet-therapie-breve.com\\\/emdr\\\/neurofeedback\\\/\",\"url\":\"https:\\\/\\\/www.cabinet-therapie-breve.com\\\/emdr\\\/neurofeedback\\\/\",\"name\":\"Neurofeedback - Th\u00e9rapies Br\u00e8ves\",\"isPartOf\":{\"@id\":\"https:\\\/\\\/www.cabinet-therapie-breve.com\\\/emdr\\\/#website\"},\"datePublished\":\"2018-09-06T03:28:24+00:00\",\"dateModified\":\"2020-03-14T08:53:17+00:00\",\"description\":\"Issu des neurosciences, le neurofeedback est une technique informatis\u00e9e d\u2019entra\u00eenement et de r\u00e9-\u00e9quilibration de l\u2019activit\u00e9 \u00e9lectrique c\u00e9r\u00e9brale utilisant la neuroplasticit\u00e9.\",\"breadcrumb\":{\"@id\":\"https:\\\/\\\/www.cabinet-therapie-breve.com\\\/emdr\\\/neurofeedback\\\/#breadcrumb\"},\"inLanguage\":\"fr-FR\",\"potentialAction\":[{\"@type\":\"ReadAction\",\"target\":[\"https:\\\/\\\/www.cabinet-therapie-breve.com\\\/emdr\\\/neurofeedback\\\/\"]}]},{\"@type\":\"BreadcrumbList\",\"@id\":\"https:\\\/\\\/www.cabinet-therapie-breve.com\\\/emdr\\\/neurofeedback\\\/#breadcrumb\",\"itemListElement\":[{\"@type\":\"ListItem\",\"position\":1,\"name\":\"Accueil\",\"item\":\"https:\\\/\\\/www.cabinet-therapie-breve.com\\\/emdr\\\/\"},{\"@type\":\"ListItem\",\"position\":2,\"name\":\"Neurofeedback\"}]},{\"@type\":\"WebSite\",\"@id\":\"https:\\\/\\\/www.cabinet-therapie-breve.com\\\/emdr\\\/#website\",\"url\":\"https:\\\/\\\/www.cabinet-therapie-breve.com\\\/emdr\\\/\",\"name\":\"Th\u00e9rapies Br\u00e8ves\",\"description\":\"\",\"potentialAction\":[{\"@type\":\"SearchAction\",\"target\":{\"@type\":\"EntryPoint\",\"urlTemplate\":\"https:\\\/\\\/www.cabinet-therapie-breve.com\\\/emdr\\\/?s={search_term_string}\"},\"query-input\":{\"@type\":\"PropertyValueSpecification\",\"valueRequired\":true,\"valueName\":\"search_term_string\"}}],\"inLanguage\":\"fr-FR\"}]}<\/script>\n<!-- \/ Yoast SEO plugin. -->","yoast_head_json":{"title":"Neurofeedback - Th\u00e9rapies Br\u00e8ves","description":"Issu des neurosciences, le neurofeedback est une technique informatis\u00e9e d\u2019entra\u00eenement et de r\u00e9-\u00e9quilibration de l\u2019activit\u00e9 \u00e9lectrique c\u00e9r\u00e9brale utilisant la neuroplasticit\u00e9.","robots":{"index":"index","follow":"follow","max-snippet":"max-snippet:-1","max-image-preview":"max-image-preview:large","max-video-preview":"max-video-preview:-1"},"canonical":"https:\/\/www.cabinet-therapie-breve.com\/emdr\/neurofeedback\/","og_locale":"fr_FR","og_type":"article","og_title":"Neurofeedback - Th\u00e9rapies Br\u00e8ves","og_description":"Issu des neurosciences, le neurofeedback est une technique informatis\u00e9e d\u2019entra\u00eenement et de r\u00e9-\u00e9quilibration de l\u2019activit\u00e9 \u00e9lectrique c\u00e9r\u00e9brale utilisant la neuroplasticit\u00e9.","og_url":"https:\/\/www.cabinet-therapie-breve.com\/emdr\/neurofeedback\/","og_site_name":"Th\u00e9rapies Br\u00e8ves","article_modified_time":"2020-03-14T08:53:17+00:00","twitter_card":"summary_large_image","twitter_misc":{"Dur\u00e9e de lecture estim\u00e9e":"3 minutes"},"schema":{"@context":"https:\/\/schema.org","@graph":[{"@type":"WebPage","@id":"https:\/\/www.cabinet-therapie-breve.com\/emdr\/neurofeedback\/","url":"https:\/\/www.cabinet-therapie-breve.com\/emdr\/neurofeedback\/","name":"Neurofeedback - Th\u00e9rapies Br\u00e8ves","isPartOf":{"@id":"https:\/\/www.cabinet-therapie-breve.com\/emdr\/#website"},"datePublished":"2018-09-06T03:28:24+00:00","dateModified":"2020-03-14T08:53:17+00:00","description":"Issu des neurosciences, le neurofeedback est une technique informatis\u00e9e d\u2019entra\u00eenement et de r\u00e9-\u00e9quilibration de l\u2019activit\u00e9 \u00e9lectrique c\u00e9r\u00e9brale utilisant la neuroplasticit\u00e9.","breadcrumb":{"@id":"https:\/\/www.cabinet-therapie-breve.com\/emdr\/neurofeedback\/#breadcrumb"},"inLanguage":"fr-FR","potentialAction":[{"@type":"ReadAction","target":["https:\/\/www.cabinet-therapie-breve.com\/emdr\/neurofeedback\/"]}]},{"@type":"BreadcrumbList","@id":"https:\/\/www.cabinet-therapie-breve.com\/emdr\/neurofeedback\/#breadcrumb","itemListElement":[{"@type":"ListItem","position":1,"name":"Accueil","item":"https:\/\/www.cabinet-therapie-breve.com\/emdr\/"},{"@type":"ListItem","position":2,"name":"Neurofeedback"}]},{"@type":"WebSite","@id":"https:\/\/www.cabinet-therapie-breve.com\/emdr\/#website","url":"https:\/\/www.cabinet-therapie-breve.com\/emdr\/","name":"Th\u00e9rapies Br\u00e8ves","description":"","potentialAction":[{"@type":"SearchAction","target":{"@type":"EntryPoint","urlTemplate":"https:\/\/www.cabinet-therapie-breve.com\/emdr\/?s={search_term_string}"},"query-input":{"@type":"PropertyValueSpecification","valueRequired":true,"valueName":"search_term_string"}}],"inLanguage":"fr-FR"}]}},"_links":{"self":[{"href":"https:\/\/www.cabinet-therapie-breve.com\/emdr\/wp-json\/wp\/v2\/pages\/6686","targetHints":{"allow":["GET"]}}],"collection":[{"href":"https:\/\/www.cabinet-therapie-breve.com\/emdr\/wp-json\/wp\/v2\/pages"}],"about":[{"href":"https:\/\/www.cabinet-therapie-breve.com\/emdr\/wp-json\/wp\/v2\/types\/page"}],"author":[{"embeddable":true,"href":"https:\/\/www.cabinet-therapie-breve.com\/emdr\/wp-json\/wp\/v2\/users\/1"}],"replies":[{"embeddable":true,"href":"https:\/\/www.cabinet-therapie-breve.com\/emdr\/wp-json\/wp\/v2\/comments?post=6686"}],"version-history":[{"count":12,"href":"https:\/\/www.cabinet-therapie-breve.com\/emdr\/wp-json\/wp\/v2\/pages\/6686\/revisions"}],"predecessor-version":[{"id":6783,"href":"https:\/\/www.cabinet-therapie-breve.com\/emdr\/wp-json\/wp\/v2\/pages\/6686\/revisions\/6783"}],"wp:attachment":[{"href":"https:\/\/www.cabinet-therapie-breve.com\/emdr\/wp-json\/wp\/v2\/media?parent=6686"}],"curies":[{"name":"wp","href":"https:\/\/api.w.org\/{rel}","templated":true}]}}