{"id":6770,"date":"2019-09-17T12:51:13","date_gmt":"2019-09-17T10:51:13","guid":{"rendered":"https:\/\/www.cabinet-therapie-breve.com\/emdr\/neurofeedback-copy\/"},"modified":"2020-03-14T09:52:42","modified_gmt":"2020-03-14T08:52:42","slug":"neurofeedback-dynamique","status":"publish","type":"page","link":"https:\/\/www.cabinet-therapie-breve.com\/emdr\/neurofeedback-dynamique\/","title":{"rendered":"Neurofeedback  dynamique"},"content":{"rendered":"<div class=\"wpb-content-wrapper\"><p>[vc_section][vc_row][vc_column]<div class=\"wpb_content_element \"><style type=\"text\/css\"><\/style><header id=\"ut_header_69feb78b9571f\" class=\"section-header  ut-no-title-linebreak-mobile ut-no-lead-linebreak-mobile pt-style-7 header-center header-tablet-center header-mobile-center element-with-custom-line-height\"><div class=\"element-with-custom-line-height\" ><h2 data-title=\"Technique du Neurofeedback\"  data-responsive-font=\"section_title\" class=\"section-title  \"><span>Technique du Neurofeedback<\/span><\/h2><\/div><\/header><\/div>[\/vc_column][\/vc_row][vc_row][vc_column width=\u00a0\u00bb2\/3&Prime;][vc_column_text el_class=\u00a0\u00bbjustifier\u00a0\u00bb]Avec la technique du <strong>Neurofeedback<\/strong> d\u00e9velopp\u00e9e dans le cadre de nos techniques de <strong>th\u00e9rapie br\u00e8ves<\/strong>, nous mettons en place ce dispositif qui utilisent un mode d&rsquo;\u00e9coute de musique modifi\u00e9e par informatique pour r\u00e9guler votre activit\u00e9 c\u00e9r\u00e9brale d&rsquo;une mani\u00e8re non intrusive et non douloureuse.<\/p>\n<p>La technique du <strong>Neurofeedback<\/strong> peut ainsi vous rendre la vie plus facile et plus agr\u00e9able, et vous permettre de mieux appr\u00e9hender les difficult\u00e9s, les contraintes et les soucis susceptibles de vous d\u00e9ranger au quotidien, le Neurofeedback est aussi recommand\u00e9 dans les p\u00e9riodes de d\u00e9prime que vous pouvez rencontrer.<\/p>\n<p>Le <strong>Neurofeedback<\/strong> aide \u00e0 stabiliser l&rsquo;esprit des personnes hyperactives, celui des autistes, de ceux qui souffrent de troubles de l&rsquo;attention et du sommeil, le <strong>Neurofeedback<\/strong> va en effet permettre de mieux \u00e9quilibrer le syst\u00e8me nerveux.<\/p>\n<p>Le <strong>Neurofeedback<\/strong> dynamique mieux que des somnif\u00e8res, dont on devient d\u00e9pendant et dont il faudra se sevrer un jour, permet d&rsquo;une mani\u00e8re r\u00e9volutionnaire de lutter contre les insomnies et les troubles du sommeil en g\u00e9n\u00e9ral.<\/p>\n<p>Le <strong>Neurofeedback<\/strong> est aussi tr\u00e8s utile pour les troubles de l&rsquo;attention tels que TDA, TDAH. Il aide dans tous les cas de DYS (dysphasie, dyslexique, dyspraxie etc&#8230;).<\/p>\n<p>Le <strong>Neurofeedback<\/strong> aide \u00e9galement et de mani\u00e8re extr\u00eamement efficace \u00e0 la progression des personnes subissant les effets des troubles li\u00e9s au spectre autistiques.<\/p>\n<p>Gr\u00e2ce \u00e0 des s\u00e9ances r\u00e9guli\u00e8res de <strong>Neurofeedback<\/strong>, nous constatons une r\u00e9duction des angoisses et des inconfort cognitifs et \u00e9motionnels li\u00e9es au trouble autistique.<\/p>\n<p>Et parmi les autres applications de cette technique ont peut citer :<\/p>\n<ul>\n<li>Le syndrome des jambes sans repos<\/li>\n<li>La gestion des troubles de l&rsquo;alimentation tels que les crises de boulimie ou \u00e0 l&rsquo;inverse les comportements anorexiques ainsi que les probl\u00e8mes de digestion.<\/li>\n<\/ul>\n<p>En fait, ce proc\u00e9d\u00e9, appliqu\u00e9 dans le cadre d&rsquo;une th\u00e9rapie suivie, est de mani\u00e8re g\u00e9n\u00e9rale une technique d&rsquo;aide bien pr\u00e9cieuse pour modifier et am\u00e9liorer les troubles comportementaux et rendre ainsi plus facile la vie au quotidien.<\/p>\n<p>Non douloureuse et sans effort, cette technique de soin a que des effets positifs<\/p>\n<p>Une session de <strong>Neurofeedback<\/strong>, c&rsquo;est aussi une agr\u00e9able qu&rsquo;une seance de m\u00e9ditation&#8230;<\/p>\n<p>Bref, Vous aimeriez retrouver du confort, retrouver une vie agr\u00e9able ?<\/p>\n<p>Pensez \u00e0 des s\u00e9ances de <strong>Neurofeedback<\/strong> . Ce sont des s\u00e9ances courtes, des s\u00e9ances de 33 minutes et vous en ressentirez tr\u00e8s vite les bienfaits.<\/p>\n<p>Pour disposer de toutes les informations n\u00e9cessaires \u00e0 votre prise de d\u00e9cision, n&rsquo;h\u00e9sitez pas \u00e0 nous appeler au +33761015858.[\/vc_column_text][\/vc_column][vc_column width=\u00a0\u00bb1\/3&Prime;]<style type=\"text\/css\">#bklyn_btn_69feb78b9701c .bklyn-btn { color:#ffffff !important; border-radius:50px !important; background-color:#1c8290 !important; }#bklyn_btn_69feb78b9701c .bklyn-btn:hover{ background-color:rgba(28, 130, 144, 0.75) !important; }#bklyn_btn_69feb78b9701c .bklyn-btn:focus{ background-color:rgba(28, 130, 144, 0.75) !important; }#bklyn_btn_69feb78b9701c .bklyn-btn:active { background-color:rgba(28, 130, 144, 0.75) !important; }#bklyn_btn_69feb78b9701c a i:before { font-size:24px; }<\/style><div id=\"bklyn_btn_69feb78b9701c\" class=\"bklyn-btn-holder  bklyn-btn-center bklyn-btn-tablet-center bklyn-btn-mobile-center\"><a title=\"\"   href=\"https:\/\/www.cabinet-therapie-breve.com\/emdr\/videos\/\" target=\"_self\" class=\"bklyn-btn  bklyn-btn-icon-left bklyn-btn-normal\" ><i class=\"BklynIcons-Right-3\"><\/i><span class=\"ut-btn-text\">VID\u00c9OS TH\u00c9RAPIES BR\u00c8VES<\/span><\/a><\/div><style type=\"text\/css\">#bklyn_btn_69feb78b9705f .bklyn-btn { color:#ffffff !important; border-radius:50px !important; background-color:#ecae2a !important; }#bklyn_btn_69feb78b9705f .bklyn-btn:hover{ background-color:rgba(236, 174, 42, 0.75) !important; }#bklyn_btn_69feb78b9705f .bklyn-btn:focus{ background-color:rgba(236, 174, 42, 0.75) !important; }#bklyn_btn_69feb78b9705f .bklyn-btn:active { background-color:rgba(236, 174, 42, 0.75) !important; }#bklyn_btn_69feb78b9705f a i:before { font-size:24px; }<\/style><div id=\"bklyn_btn_69feb78b9705f\" class=\"bklyn-btn-holder  bklyn-btn-center bklyn-btn-tablet-center bklyn-btn-mobile-center\"><a title=\"\"   href=\"#contact\" target=\"_self\" class=\"bklyn-btn  bklyn-btn-icon-left bklyn-btn-normal\" ><i class=\"BklynIcons-Right-2\"><\/i><span class=\"ut-btn-text\">NOUS CONTACTER<\/span><\/a><\/div>[\/vc_column][\/vc_row][\/vc_section]<\/p>\n<\/div>","protected":false},"excerpt":{"rendered":"<p>[vc_section][vc_row][vc_column][\/vc_column][\/vc_row][vc_row][vc_column width=\u00a0\u00bb2\/3&Prime;][vc_column_text el_class=\u00a0\u00bbjustifier\u00a0\u00bb]Avec la technique du Neurofeedback d\u00e9velopp\u00e9e dans le cadre de nos techniques de th\u00e9rapie br\u00e8ves, nous mettons en place ce dispositif qui utilisent un mode d&rsquo;\u00e9coute de musique modifi\u00e9e par informatique pour r\u00e9guler votre activit\u00e9 c\u00e9r\u00e9brale d&rsquo;une mani\u00e8re non intrusive et non douloureuse. La technique du Neurofeedback peut ainsi vous rendre la vie [&hellip;]<\/p>\n","protected":false},"author":1,"featured_media":0,"parent":0,"menu_order":0,"comment_status":"closed","ping_status":"closed","template":"","meta":{"_monsterinsights_skip_tracking":false,"_monsterinsights_sitenote_active":false,"_monsterinsights_sitenote_note":"","_monsterinsights_sitenote_category":0,"footnotes":""},"class_list":["post-6770","page","type-page","status-publish","hentry"],"yoast_head":"<!-- This site is optimized with the Yoast SEO plugin v27.5 - https:\/\/yoast.com\/product\/yoast-seo-wordpress\/ -->\n<title>Neurofeedback dynamique - Th\u00e9rapies Br\u00e8ves<\/title>\n<meta name=\"description\" content=\"Le Neurofeedback aide \u00e0 stabiliser l&#039;esprit des personnes hyperactives, celui des autistes, de ceux qui souffrent de troubles de l&#039;attention et du sommeil.\" \/>\n<meta name=\"robots\" content=\"index, follow, max-snippet:-1, max-image-preview:large, max-video-preview:-1\" \/>\n<link rel=\"canonical\" href=\"https:\/\/www.cabinet-therapie-breve.com\/emdr\/neurofeedback-dynamique\/\" \/>\n<meta property=\"og:locale\" content=\"fr_FR\" \/>\n<meta property=\"og:type\" content=\"article\" \/>\n<meta property=\"og:title\" content=\"Neurofeedback dynamique - Th\u00e9rapies Br\u00e8ves\" \/>\n<meta property=\"og:description\" content=\"Le Neurofeedback aide \u00e0 stabiliser l&#039;esprit des personnes hyperactives, celui des autistes, de ceux qui souffrent de troubles de l&#039;attention et du sommeil.\" \/>\n<meta property=\"og:url\" content=\"https:\/\/www.cabinet-therapie-breve.com\/emdr\/neurofeedback-dynamique\/\" \/>\n<meta property=\"og:site_name\" content=\"Th\u00e9rapies Br\u00e8ves\" \/>\n<meta property=\"article:modified_time\" content=\"2020-03-14T08:52:42+00:00\" \/>\n<meta name=\"twitter:card\" content=\"summary_large_image\" \/>\n<meta name=\"twitter:label1\" content=\"Dur\u00e9e de lecture estim\u00e9e\" \/>\n\t<meta name=\"twitter:data1\" content=\"3 minutes\" \/>\n<script type=\"application\/ld+json\" class=\"yoast-schema-graph\">{\"@context\":\"https:\\\/\\\/schema.org\",\"@graph\":[{\"@type\":\"WebPage\",\"@id\":\"https:\\\/\\\/www.cabinet-therapie-breve.com\\\/emdr\\\/neurofeedback-dynamique\\\/\",\"url\":\"https:\\\/\\\/www.cabinet-therapie-breve.com\\\/emdr\\\/neurofeedback-dynamique\\\/\",\"name\":\"Neurofeedback dynamique - Th\u00e9rapies Br\u00e8ves\",\"isPartOf\":{\"@id\":\"https:\\\/\\\/www.cabinet-therapie-breve.com\\\/emdr\\\/#website\"},\"datePublished\":\"2019-09-17T10:51:13+00:00\",\"dateModified\":\"2020-03-14T08:52:42+00:00\",\"description\":\"Le Neurofeedback aide \u00e0 stabiliser l'esprit des personnes hyperactives, celui des autistes, de ceux qui souffrent de troubles de l'attention et du sommeil.\",\"breadcrumb\":{\"@id\":\"https:\\\/\\\/www.cabinet-therapie-breve.com\\\/emdr\\\/neurofeedback-dynamique\\\/#breadcrumb\"},\"inLanguage\":\"fr-FR\",\"potentialAction\":[{\"@type\":\"ReadAction\",\"target\":[\"https:\\\/\\\/www.cabinet-therapie-breve.com\\\/emdr\\\/neurofeedback-dynamique\\\/\"]}]},{\"@type\":\"BreadcrumbList\",\"@id\":\"https:\\\/\\\/www.cabinet-therapie-breve.com\\\/emdr\\\/neurofeedback-dynamique\\\/#breadcrumb\",\"itemListElement\":[{\"@type\":\"ListItem\",\"position\":1,\"name\":\"Accueil\",\"item\":\"https:\\\/\\\/www.cabinet-therapie-breve.com\\\/emdr\\\/\"},{\"@type\":\"ListItem\",\"position\":2,\"name\":\"Neurofeedback dynamique\"}]},{\"@type\":\"WebSite\",\"@id\":\"https:\\\/\\\/www.cabinet-therapie-breve.com\\\/emdr\\\/#website\",\"url\":\"https:\\\/\\\/www.cabinet-therapie-breve.com\\\/emdr\\\/\",\"name\":\"Th\u00e9rapies Br\u00e8ves\",\"description\":\"\",\"potentialAction\":[{\"@type\":\"SearchAction\",\"target\":{\"@type\":\"EntryPoint\",\"urlTemplate\":\"https:\\\/\\\/www.cabinet-therapie-breve.com\\\/emdr\\\/?s={search_term_string}\"},\"query-input\":{\"@type\":\"PropertyValueSpecification\",\"valueRequired\":true,\"valueName\":\"search_term_string\"}}],\"inLanguage\":\"fr-FR\"}]}<\/script>\n<!-- \/ Yoast SEO plugin. -->","yoast_head_json":{"title":"Neurofeedback dynamique - Th\u00e9rapies Br\u00e8ves","description":"Le Neurofeedback aide \u00e0 stabiliser l'esprit des personnes hyperactives, celui des autistes, de ceux qui souffrent de troubles de l'attention et du sommeil.","robots":{"index":"index","follow":"follow","max-snippet":"max-snippet:-1","max-image-preview":"max-image-preview:large","max-video-preview":"max-video-preview:-1"},"canonical":"https:\/\/www.cabinet-therapie-breve.com\/emdr\/neurofeedback-dynamique\/","og_locale":"fr_FR","og_type":"article","og_title":"Neurofeedback dynamique - Th\u00e9rapies Br\u00e8ves","og_description":"Le Neurofeedback aide \u00e0 stabiliser l'esprit des personnes hyperactives, celui des autistes, de ceux qui souffrent de troubles de l'attention et du sommeil.","og_url":"https:\/\/www.cabinet-therapie-breve.com\/emdr\/neurofeedback-dynamique\/","og_site_name":"Th\u00e9rapies Br\u00e8ves","article_modified_time":"2020-03-14T08:52:42+00:00","twitter_card":"summary_large_image","twitter_misc":{"Dur\u00e9e de lecture estim\u00e9e":"3 minutes"},"schema":{"@context":"https:\/\/schema.org","@graph":[{"@type":"WebPage","@id":"https:\/\/www.cabinet-therapie-breve.com\/emdr\/neurofeedback-dynamique\/","url":"https:\/\/www.cabinet-therapie-breve.com\/emdr\/neurofeedback-dynamique\/","name":"Neurofeedback dynamique - Th\u00e9rapies Br\u00e8ves","isPartOf":{"@id":"https:\/\/www.cabinet-therapie-breve.com\/emdr\/#website"},"datePublished":"2019-09-17T10:51:13+00:00","dateModified":"2020-03-14T08:52:42+00:00","description":"Le Neurofeedback aide \u00e0 stabiliser l'esprit des personnes hyperactives, celui des autistes, de ceux qui souffrent de troubles de l'attention et du sommeil.","breadcrumb":{"@id":"https:\/\/www.cabinet-therapie-breve.com\/emdr\/neurofeedback-dynamique\/#breadcrumb"},"inLanguage":"fr-FR","potentialAction":[{"@type":"ReadAction","target":["https:\/\/www.cabinet-therapie-breve.com\/emdr\/neurofeedback-dynamique\/"]}]},{"@type":"BreadcrumbList","@id":"https:\/\/www.cabinet-therapie-breve.com\/emdr\/neurofeedback-dynamique\/#breadcrumb","itemListElement":[{"@type":"ListItem","position":1,"name":"Accueil","item":"https:\/\/www.cabinet-therapie-breve.com\/emdr\/"},{"@type":"ListItem","position":2,"name":"Neurofeedback dynamique"}]},{"@type":"WebSite","@id":"https:\/\/www.cabinet-therapie-breve.com\/emdr\/#website","url":"https:\/\/www.cabinet-therapie-breve.com\/emdr\/","name":"Th\u00e9rapies Br\u00e8ves","description":"","potentialAction":[{"@type":"SearchAction","target":{"@type":"EntryPoint","urlTemplate":"https:\/\/www.cabinet-therapie-breve.com\/emdr\/?s={search_term_string}"},"query-input":{"@type":"PropertyValueSpecification","valueRequired":true,"valueName":"search_term_string"}}],"inLanguage":"fr-FR"}]}},"_links":{"self":[{"href":"https:\/\/www.cabinet-therapie-breve.com\/emdr\/wp-json\/wp\/v2\/pages\/6770","targetHints":{"allow":["GET"]}}],"collection":[{"href":"https:\/\/www.cabinet-therapie-breve.com\/emdr\/wp-json\/wp\/v2\/pages"}],"about":[{"href":"https:\/\/www.cabinet-therapie-breve.com\/emdr\/wp-json\/wp\/v2\/types\/page"}],"author":[{"embeddable":true,"href":"https:\/\/www.cabinet-therapie-breve.com\/emdr\/wp-json\/wp\/v2\/users\/1"}],"replies":[{"embeddable":true,"href":"https:\/\/www.cabinet-therapie-breve.com\/emdr\/wp-json\/wp\/v2\/comments?post=6770"}],"version-history":[{"count":12,"href":"https:\/\/www.cabinet-therapie-breve.com\/emdr\/wp-json\/wp\/v2\/pages\/6770\/revisions"}],"predecessor-version":[{"id":6785,"href":"https:\/\/www.cabinet-therapie-breve.com\/emdr\/wp-json\/wp\/v2\/pages\/6770\/revisions\/6785"}],"wp:attachment":[{"href":"https:\/\/www.cabinet-therapie-breve.com\/emdr\/wp-json\/wp\/v2\/media?parent=6770"}],"curies":[{"name":"wp","href":"https:\/\/api.w.org\/{rel}","templated":true}]}}